{"id":147,"date":"2012-02-12T11:41:16","date_gmt":"2012-02-12T10:41:16","guid":{"rendered":"http:\/\/wohnprojektbadbramstedt.wordpress.com\/?page_id=147"},"modified":"2024-12-16T16:50:19","modified_gmt":"2024-12-16T15:50:19","slug":"links","status":"publish","type":"page","link":"https:\/\/wohnprojektbadbramstedt.de\/?page_id=147","title":{"rendered":"Links"},"content":{"rendered":"<p><span style=\"color: #993300;\"><strong>Beratungsangebote, F\u00f6rderungsm\u00f6glichkeiten und \u00dcberblick \u00fcber Wohnprojekte<br \/>\n<\/strong><\/span><\/p>\n<div id=\"cc-m-13580425936\" class=\"j-module n j-header \">\n<p id=\"cc-m-header-13580425936\"><strong>ExpertInnenpool<\/strong><\/p>\n<\/div>\n<div id=\"cc-m-13580426036\" class=\"j-module n j-text \">\n<p>Manche Projektgr\u00fcnderInnen suchen Beratung. Dazu k\u00f6nnen sie sich \u00fcber eine Mailadresse an projekterfahrene Menschen aus verschiedenen Wohnprojekten in Schleswig-Holstein wenden.<\/p>\n<p>Wir sind als kleiner ExpertInnenpool gut vernetzt und haben verschiedene Kompetenzen.\u00a0 Dabei verstehen wir uns als Lotsen und Wegweiser, wenn aus einer noch lockeren Interessengruppe eine verantwortliche Tr\u00e4gerschaft eines Wohnprojektes werden soll. Einige von uns beraten zu Gruppenbildung oder Wegen zur Entscheidungsfindung, andere zu st\u00e4dtebaulichen Rahmenbedingungen, F\u00f6rderm\u00f6glichkeiten und wieder andere zu \u00dcberlegungen zur rechtlichen Struktur eines neuen Wohnprojektes.<\/p>\n<p>Je nach der Fragestellung per Mail meldet sich zumindest eine geeignete Person zur\u00fcck. Wir beraten ehrenamtlich ohne wirtschaftliche Interessen. Auch wenn wir uns um z\u00fcgige R\u00fcckmeldung bem\u00fchen: unsere Kapazit\u00e4ten entscheiden dar\u00fcber, wann wir uns zur\u00fcckmelden k\u00f6nnen. Daher k\u00f6nnen wir auch keine Beratung von Einzelpersonen leisten.<br \/>\nKontaktaufnahme \u00fcber <a href=\"mailto:wohnprojekte.win@gmail.com\" target=\"_blank\" rel=\"noopener\">wohnprojekte.win@gmail.com<\/a>.<\/p>\n<\/div>\n<p><strong>Bundesweites Wohnprojekteportal von TRIAS<br \/>\n<\/strong><\/p>\n<p>In Schleswig-Holstein wie auch im gesamten Bundesgebiet gibt es zahlreiche Wohnprojekte.\u00a0 Einen guten \u00dcberblick gibt das bundesweite Wohnprojekte-Portal <a title=\"Wohnprojekte-Portal\" href=\"http:\/\/www.wohnprojekte-portal.de\/\" target=\"_blank\" rel=\"noopener\">www.wohnprojekte-portal.de.<\/a><\/p>\n<p><strong>\u00dcbersicht zu Wohnprojekten in Schleswig-Holstein<\/strong><\/p>\n<p>Eine \u00dcbersicht zu Wohnprojekten in Schleswig-Holstein gibt es auch bei der professionellen Projektentwicklungsfirma conplan Gmbh auf deren Seite \u00a0<a href=\"https:\/\/www.conplan-projekte.de\/\" target=\"_blank\" rel=\"noopener\">https:\/\/www.conplan-projekte.de\/<\/a><\/p>\n<p id=\"vt-sprg-6\"><strong>Wohnprojekt-Gr\u00fcndungsfonds in Schleswig-Holstein<br \/>\n<\/strong><\/p>\n<p>Die Landesregierung Schleswig-Holstein gibt seit 2023 eine Unterst\u00fctzung f\u00fcr\u00a0 Gruppen, die ein Wohnprojekte gr\u00fcnden wollen schreibt dazu: <em>&#8222;R\u00fcckenwind f\u00fcr die Starterphase gibt es au\u00dferdem ab dem 1. Januar 2023 durch den neuen Wohnprojekte-Gr\u00fcndungsfonds. Das Innenministerium stellt daf\u00fcr bis Ende 2026 insgesamt 600.000 Euro aus der Landeswohnraumf\u00f6rderung bereit. Mit bis zu 15.000 Euro Zuschuss werden Gruppen und Baugemeinschaften darin unterst\u00fctzt, sich bei der fr\u00fchen Entwicklung des Projekts Fachwissen und unabh\u00e4ngige Sachverst\u00e4ndigenleistungen zu holen.<br \/>\n<\/em><em>Hierzu z\u00e4hlen zum Beispiel gutachterliche T\u00e4tigkeiten und Voruntersuchungen, Konzepte zur Organisationsstruktur oder dem Tr\u00e4germodell sowie Expertisen zu betriebswirtschaftlichen und rechtlichen Fragen. Dadurch k\u00f6nnen Entscheidungsprozesse und die Dauer der Projektentwicklung deutlich abgek\u00fcrzt und beschleunigt werden, sodass auch Kommunen und Finanzierer indirekt von dem Fonds profitieren.&#8220;<br \/>\n<\/em><\/p>\n<p>Flyer mit Kurzinformationen nund Verweisen auf die Internetseite der Landesregierung:<\/p>\n<ul>\n<li><a href=\"https:\/\/wohnprojektbadbramstedt.de\/wp-content\/uploads\/2024\/04\/20240416_Flyer_Gruendungsfonds_final.pdf\">20240416_Flyer_Gr\u00fcndungsfonds_final<\/a><\/li>\n<\/ul>\n<p>&nbsp;<\/p>\n<p>&nbsp;<\/p>\n<p style=\"text-align: justify;\"><span style=\"color: #993300;\"><strong>Foren, Portale und Stiftungen<\/strong><\/span><\/p>\n<p style=\"text-align: justify;\">Verschiedene Organisationen f\u00f6rdern das Entstehen von Wohnprojekten:<\/p>\n<p style=\"text-align: justify;\">Forum gemeinschaftliches Wohnen Bundesverband <a title=\"Forum gemeinschaftliches Wohnen\" href=\"http:\/\/www.fgw-ev.de\/\" target=\"_blank\" rel=\"noopener\">www.fgw-ev.de<\/a><\/p>\n<p style=\"text-align: justify;\">Trias-Stiftung <a title=\"Trias-Stiftung\" href=\"http:\/\/www.stiftung-trias.de\/\" target=\"_blank\" rel=\"noopener\">www.stiftung-trias.de<\/a><\/p>\n<p style=\"text-align: right;\">( Mai 2014, aktualisiert Januar 2018, M\u00e4rz 2022 und April 2024)<\/p>\n","protected":false},"excerpt":{"rendered":"<p>Beratungsangebote, F\u00f6rderungsm\u00f6glichkeiten und \u00dcberblick \u00fcber Wohnprojekte ExpertInnenpool Manche Projektgr\u00fcnderInnen suchen Beratung. Dazu k\u00f6nnen sie sich \u00fcber eine Mailadresse an projekterfahrene Menschen aus verschiedenen Wohnprojekten in Schleswig-Holstein wenden. Wir sind als kleiner ExpertInnenpool gut vernetzt und haben verschiedene Kompetenzen.\u00a0 Dabei verstehen &hellip; <a href=\"https:\/\/wohnprojektbadbramstedt.de\/?page_id=147\">Weiterlesen <span class=\"meta-nav\">&rarr;<\/span><\/a><\/p>\n","protected":false},"author":1,"featured_media":0,"parent":0,"menu_order":290,"comment_status":"closed","ping_status":"closed","template":"","meta":{"footnotes":""},"class_list":["post-147","page","type-page","status-publish","hentry"],"_links":{"self":[{"href":"https:\/\/wohnprojektbadbramstedt.de\/index.php?rest_route=\/wp\/v2\/pages\/147","targetHints":{"allow":["GET"]}}],"collection":[{"href":"https:\/\/wohnprojektbadbramstedt.de\/index.php?rest_route=\/wp\/v2\/pages"}],"about":[{"href":"https:\/\/wohnprojektbadbramstedt.de\/index.php?rest_route=\/wp\/v2\/types\/page"}],"author":[{"embeddable":true,"href":"https:\/\/wohnprojektbadbramstedt.de\/index.php?rest_route=\/wp\/v2\/users\/1"}],"replies":[{"embeddable":true,"href":"https:\/\/wohnprojektbadbramstedt.de\/index.php?rest_route=%2Fwp%2Fv2%2Fcomments&post=147"}],"version-history":[{"count":23,"href":"https:\/\/wohnprojektbadbramstedt.de\/index.php?rest_route=\/wp\/v2\/pages\/147\/revisions"}],"predecessor-version":[{"id":10715,"href":"https:\/\/wohnprojektbadbramstedt.de\/index.php?rest_route=\/wp\/v2\/pages\/147\/revisions\/10715"}],"wp:attachment":[{"href":"https:\/\/wohnprojektbadbramstedt.de\/index.php?rest_route=%2Fwp%2Fv2%2Fmedia&parent=147"}],"curies":[{"name":"wp","href":"https:\/\/api.w.org\/{rel}","templated":true}]}}