{"id":5832,"date":"2017-05-22T08:59:09","date_gmt":"2017-05-22T06:59:09","guid":{"rendered":"http:\/\/wohnprojekt.wohnprojektbadbramstedt.de\/?page_id=5832"},"modified":"2025-05-22T10:53:30","modified_gmt":"2025-05-22T09:53:30","slug":"satzung-und-gos","status":"publish","type":"page","link":"https:\/\/wohnprojektbadbramstedt.de\/?page_id=5832","title":{"rendered":"Satzung und Co"},"content":{"rendered":"<p><strong>aktuelle Satzung Haus an den Auen eG<\/strong><\/p>\n<ul>\n<li><a href=\"https:\/\/wohnprojektbadbramstedt.de\/wp-content\/uploads\/2022\/09\/Satzung-der-Haus-an-den-Auen-eG-Stand-3.07.2022.pdf\">Satzung der Haus an den Auen eG &#8211; Stand 3.07.2022<\/a><\/li>\n<\/ul>\n<p><strong>Gesch\u00e4ftsordnungen Haus an den Auen eG<\/strong><\/p>\n<ul>\n<li><a href=\"https:\/\/wohnprojektbadbramstedt.de\/wp-content\/uploads\/2023\/02\/HaA-eG-Geschaeftsordnung-des-Aufsichtsrats-10.02.23-OmU.pdf\">HaA eG Gesch\u00e4ftsordnung des Aufsichtsrats 10.02.23 OmU<\/a><\/li>\n<li><a href=\"https:\/\/wohnprojektbadbramstedt.de\/wp-content\/uploads\/2022\/08\/HaA-eG-Geschaeftsordnung-fuer-den-Vorstand-HaA-15.07.22-OmU.pdf\">HaA eG Gesch\u00e4ftsordnung f\u00fcr den Vorstand HaA 15.07.22 OmU<\/a><\/li>\n<\/ul>\n<p><strong>Mitgliederliste nach Genossenschaftsgesetz<br \/>\n<\/strong><\/p>\n<ul>\n<li><a href=\"https:\/\/wohnprojektbadbramstedt.de\/wp-content\/uploads\/2025\/04\/Haus-an-den-Auen-eG-Mitgliederliste-nach-\u00a7-30-GenG-31.12.2024-OmU.pdf\">Haus an den Auen eG Mitgliederliste nach \u00a7 30 GenG 31.12.2024 OmU<\/a><\/li>\n<li><a href=\"https:\/\/wohnprojektbadbramstedt.de\/wp-content\/uploads\/2024\/08\/Haus-an-den-Auen-eG-Mitgliederliste-nach-\u00a7-30-GenG-31.12.2023-OmU.pdf\">Haus an den Auen eG Mitgliederliste nach \u00a7 30 GenG 31.12.2023 OmU<\/a><\/li>\n<li><a href=\"https:\/\/wohnprojektbadbramstedt.de\/wp-content\/uploads\/2023\/02\/Haus-an-den-Auen-eG-Mitgliederliste-nach-\u00a7-30-GenG-31.12.2022-OmU.pdf\">Haus an den Auen eG Mitgliederliste nach \u00a7 30 GenG 31.12.2022 OmU<\/a><\/li>\n<li><a href=\"https:\/\/wohnprojektbadbramstedt.de\/wp-content\/uploads\/2023\/02\/Haus-an-den-Auen-eG-Mitgliederliste-nach-\u00a7-30-GenG-31.12.21-OmU.pdf\">Haus an den Auen eG Mitgliederliste nach \u00a7 30 GenG 31.12.2021 OmU<\/a><\/li>\n<li><a href=\"https:\/\/wohnprojektbadbramstedt.de\/wp-content\/uploads\/2021\/08\/Haus-an-den-Auen-eG-Mitgliederliste-nach-\u00a7-30-GenG-31.12.2020-OmU.pdf\">Haus an den Auen eG Mitgliederliste nach \u00a7 30 GenG 31.12.2020<\/a><\/li>\n<li><a href=\"https:\/\/wohnprojektbadbramstedt.de\/wp-content\/uploads\/2021\/08\/Haus-an-den-Auen-eG-Mitgliederliste-nach-\u00a7-30-GenG-31.12.2019.pdf\">Haus an den Auen eG Mitgliederliste nach \u00a7 30 GenG 31.12.2019<\/a><\/li>\n<li><a href=\"https:\/\/wohnprojektbadbramstedt.de\/wp-content\/uploads\/2021\/08\/Haus-an-den-Auen-eG-Mitgliederliste-nach-\u00a7-30-GenG-31.12.18-OmU-1-1.pdf\">Haus an den Auen eG Mitgliederliste nach \u00a7 30 GenG 31.12.2018 <\/a><\/li>\n<li><a href=\"https:\/\/wohnprojektbadbramstedt.de\/wp-content\/uploads\/2018\/06\/Haus-an-den-Auen-eG-Mitgliederliste-nach-\u00a7-30-GenG-1.07.18.pdf\">Haus an den Auen eG Mitgliederliste nach \u00a7 30 GenG 1.07.18<\/a><\/li>\n<li><a href=\"https:\/\/wohnprojektbadbramstedt.de\/wp-content\/uploads\/2018\/05\/Haus-an-den-Auen-eG-Mitgliederliste-nach-\u00a7-30-GenG-6.05.18.pdf\">Haus an den Auen eG Mitgliederliste nach \u00a7 30 GenG 6.05.18<\/a><\/li>\n<li><a href=\"https:\/\/wohnprojektbadbramstedt.de\/wp-content\/uploads\/2018\/04\/Haus-an-den-Auen-eG-Mitgliederliste-nach-\u00a7-30-GenG-4.03.18-OmU.pdf\">Haus an den Auen eG Mitgliederliste nach \u00a7 30 GenG 4.03.18 OmU<\/a><\/li>\n<li><a href=\"https:\/\/wohnprojektbadbramstedt.de\/wp-content\/uploads\/2018\/11\/Haus-an-den-Auen-eG-Mitgliederliste-nach-\u00a7-30-GenG-31.12.17-OmU.pdf\">Haus an den Auen eG Mitgliederliste nach \u00a7 30 GenG 31.12.17 OmU<\/a><\/li>\n<\/ul>\n<p><strong>Organisationsstruktur unseres Projekt<\/strong><\/p>\n<ul>\n<li><a href=\"https:\/\/wohnprojektbadbramstedt.de\/wp-content\/uploads\/2024\/08\/Struktur-des-Wohnprojekts-Haus-an-den-Auen-eG-und-WEG-Version-vom-01.08.2024.pdf\">Struktur des Wohnprojekts Haus an den Auen (eG und WEG) Version vom 01.08.2024<\/a><\/li>\n<\/ul>\n","protected":false},"excerpt":{"rendered":"<p>aktuelle Satzung Haus an den Auen eG Satzung der Haus an den Auen eG &#8211; Stand 3.07.2022 Gesch\u00e4ftsordnungen Haus an den Auen eG HaA eG Gesch\u00e4ftsordnung des Aufsichtsrats 10.02.23 OmU HaA eG Gesch\u00e4ftsordnung f\u00fcr den Vorstand HaA 15.07.22 OmU Mitgliederliste &hellip; <a href=\"https:\/\/wohnprojektbadbramstedt.de\/?page_id=5832\">Weiterlesen <span class=\"meta-nav\">&rarr;<\/span><\/a><\/p>\n","protected":false},"author":1,"featured_media":0,"parent":2487,"menu_order":10,"comment_status":"closed","ping_status":"closed","template":"","meta":{"footnotes":""},"class_list":["post-5832","page","type-page","status-publish","hentry"],"_links":{"self":[{"href":"https:\/\/wohnprojektbadbramstedt.de\/index.php?rest_route=\/wp\/v2\/pages\/5832","targetHints":{"allow":["GET"]}}],"collection":[{"href":"https:\/\/wohnprojektbadbramstedt.de\/index.php?rest_route=\/wp\/v2\/pages"}],"about":[{"href":"https:\/\/wohnprojektbadbramstedt.de\/index.php?rest_route=\/wp\/v2\/types\/page"}],"author":[{"embeddable":true,"href":"https:\/\/wohnprojektbadbramstedt.de\/index.php?rest_route=\/wp\/v2\/users\/1"}],"replies":[{"embeddable":true,"href":"https:\/\/wohnprojektbadbramstedt.de\/index.php?rest_route=%2Fwp%2Fv2%2Fcomments&post=5832"}],"version-history":[{"count":17,"href":"https:\/\/wohnprojektbadbramstedt.de\/index.php?rest_route=\/wp\/v2\/pages\/5832\/revisions"}],"predecessor-version":[{"id":10844,"href":"https:\/\/wohnprojektbadbramstedt.de\/index.php?rest_route=\/wp\/v2\/pages\/5832\/revisions\/10844"}],"up":[{"embeddable":true,"href":"https:\/\/wohnprojektbadbramstedt.de\/index.php?rest_route=\/wp\/v2\/pages\/2487"}],"wp:attachment":[{"href":"https:\/\/wohnprojektbadbramstedt.de\/index.php?rest_route=%2Fwp%2Fv2%2Fmedia&parent=5832"}],"curies":[{"name":"wp","href":"https:\/\/api.w.org\/{rel}","templated":true}]}}